{"id":54,"date":"2026-01-05T10:16:04","date_gmt":"2026-01-05T10:16:04","guid":{"rendered":"https:\/\/kkw-ettenheim.de\/?page_id=54"},"modified":"2026-02-10T12:54:49","modified_gmt":"2026-02-10T12:54:49","slug":"programm","status":"publish","type":"page","link":"https:\/\/kkw-ettenheim.de\/?page_id=54","title":{"rendered":"programm"},"content":{"rendered":"\n<div class=\"wp-block-columns is-layout-flex wp-container-core-columns-is-layout-9d6595d7 wp-block-columns-is-layout-flex\" id=\"eins\">\n<div class=\"wp-block-column is-layout-flow wp-block-column-is-layout-flow\" style=\"flex-basis:33.33%\">\n<p><b>28. Februar<\/b><\/p>\n\n\n\n<p><b>Eddi H\u00fcneke <\/b><\/p>\n\n\n\n<p><strong>&#8222;Atempause&#8220; &#8211; Musik die begeistert, befl\u00fcgelt und ber\u00fchrt<\/strong><br><strong><br>Dein Akku ist leer? Zuviel Stress, zuviel L\u00e4rm? <\/strong><br><br><strong>Zeit f\u00fcr eine echte Atempause<\/strong><\/p>\n<\/div>\n\n\n\n<div class=\"wp-block-column is-layout-flow wp-block-column-is-layout-flow\" style=\"flex-basis:66.66%\">\n<figure class=\"wp-block-image size-full is-resized\"><img loading=\"lazy\" decoding=\"async\" width=\"300\" height=\"208\" src=\"https:\/\/kkw-ettenheim.de\/wp-content\/uploads\/2026\/01\/2026_02_28.jpg\" alt=\"\" class=\"wp-image-76\" style=\"width:517px;height:auto\"\/><\/figure>\n<\/div>\n<\/div>\n\n\n\n<p id=\"zwei\">Zwischen Nachrichtenflut, Termindruck und Dauer-Optimierung bleibt oft kaum Raum zum Durchatmen. Genau diesen Raum schenkt dir Eddi H\u00fcneke \u2013 mit einem Abend, der nicht nur unterh\u00e4lt, sondern ber\u00fchrt und belebt.<br>Als langj\u00e4hriges Mitglied der Wise Guys hat er Hunderttausende begeistert \u2013 heute verbindet er seine musikalische Erfahrung mit seiner Arbeit als Autor, Speaker und Coach zu einem einzigartigen B\u00fchnenprogramm: <strong>Atempause<\/strong> \u2013 ein Abend, der deine Seele ber\u00fchrt und neue Perspektiven \u00f6ffnet.<br><strong>Leicht, tiefgr\u00fcndig, \u00fcberraschend<\/strong><br>Ob augenzwinkernd in Songs wie \u201eNimm dir Zeit f\u00fcr dich\u201c oder nachdenklich in \u201eCowboys gegen KI\u201c: Eddis Texte laden ein, die Welt \u2013 und sich selbst \u2013 mit einem liebevolleren Blick zu sehen. Ehrlich, humorvoll \u2013 und immer mit einem Funken Hoffnung.<br><strong>Mehr als Musik: ein Erlebnis, das bleibt<\/strong><br>Mit <strong>Atempause<\/strong> pr\u00e4sentiert Eddi H\u00fcneke ein multimediales Konzerterlebnis, in dem Klang, Licht und Worte perfekt zusammenflie\u00dfen. Songs wie \u201eBitte gib nicht auf\u201c oder \u201eTr\u00e4um weiter\u201c treffen dabei auf pers\u00f6nliche Einsichten und ber\u00fchrende Geschichten. Das Ergebnis ist ein Abend, der dich entspannt und inspiriert.<br>Viele Menschen, die Eddis Arbeit als Coach erlebt haben, berichten davon, mit neuer Energie und innerem Gewinn nach Hause zu gehen. Diese Kraft \u00fcbertr\u00e4gt Eddi jetzt in sein neues B\u00fchnenprogramm.<br>G\u00f6nn dir diesen Kurzurlaub f\u00fcr die Seele. Atme durch, atme auf:&nbsp;<strong>Atempause <\/strong>\u2013 das neue Programm von Eddi H\u00fcneke.<\/p>\n\n\n\n<p><strong>Ein Abend, der begeistert, befl\u00fcgelt und ber\u00fchrt.<\/strong><br><\/p>\n\n\n\n<hr class=\"wp-block-separator has-alpha-channel-opacity is-style-wide\"\/>\n\n\n\n<div style=\"height:30px\" aria-hidden=\"true\" class=\"wp-block-spacer\"><\/div>\n\n\n\n<div class=\"wp-block-columns is-layout-flex wp-container-core-columns-is-layout-9d6595d7 wp-block-columns-is-layout-flex\" id=\"zwei\">\n<div class=\"wp-block-column is-layout-flow wp-block-column-is-layout-flow\" style=\"flex-basis:33.33%\">\n<p><strong>21. M\u00e4rz<br>Winterer &amp; Fox<br>&#8222;Paartherapie&#8220;<br><br><br>Ein musikalischer Aderlass mit Klavier und Gesang<\/strong><\/p>\n<\/div>\n\n\n\n<div class=\"wp-block-column is-layout-flow wp-block-column-is-layout-flow\" style=\"flex-basis:66.66%\">\n<figure class=\"wp-block-image size-full is-resized\"><img loading=\"lazy\" decoding=\"async\" width=\"300\" height=\"173\" src=\"https:\/\/kkw-ettenheim.de\/wp-content\/uploads\/2026\/01\/2026_03_21.jpg\" alt=\"\" class=\"wp-image-77\" style=\"aspect-ratio:1.734147160719123;width:539px;height:auto\"\/><\/figure>\n<\/div>\n<\/div>\n\n\n\n<p id=\"drei\">Winterer &amp; Fox haben sich entschlossen, ihre Probleme musikalisch auf der B\u00fchne zu verarbeiten: ein<br>Abend zu zweit! In trauter Lethargie im matten Schein des B\u00fchnenlichts \u2013 hilft das?<br>Unterst\u00fctzung erhalten sie von Kreisler, Piaf, Holl\u00e4nder, Wartke, Van Dannen und anderen Liebes-<br>Exilanten, die mit Tipps und Tricks zur Seite stehen.<br>Mit Chansons von Kreisler, Piaf, Wartke, Weber und anderen.<\/p>\n\n\n\n<hr class=\"wp-block-separator has-alpha-channel-opacity is-style-wide\"\/>\n\n\n\n<div style=\"height:30px\" aria-hidden=\"true\" class=\"wp-block-spacer\"><\/div>\n\n\n\n<div class=\"wp-block-columns is-layout-flex wp-container-core-columns-is-layout-9d6595d7 wp-block-columns-is-layout-flex\" id=\"drei\">\n<div class=\"wp-block-column is-layout-flow wp-block-column-is-layout-flow\" style=\"flex-basis:33.33%\">\n<p><br><strong>09. Mai<br>Helga Becker<br>&#8222;Fahndung l\u00e4uft&#8220;<\/strong><\/p>\n\n\n\n<p><br><strong>Mitmachen und totlachen!<\/strong><\/p>\n<\/div>\n\n\n\n<div class=\"wp-block-column is-layout-flow wp-block-column-is-layout-flow\" style=\"flex-basis:66.66%\">\n<figure class=\"wp-block-image size-full is-resized\"><img loading=\"lazy\" decoding=\"async\" width=\"300\" height=\"300\" src=\"https:\/\/kkw-ettenheim.de\/wp-content\/uploads\/2026\/01\/2026_05_09.jpg\" alt=\"\" class=\"wp-image-81\" style=\"width:538px;height:auto\" srcset=\"https:\/\/kkw-ettenheim.de\/wp-content\/uploads\/2026\/01\/2026_05_09.jpg 300w, https:\/\/kkw-ettenheim.de\/wp-content\/uploads\/2026\/01\/2026_05_09-150x150.jpg 150w\" sizes=\"auto, (max-width: 300px) 100vw, 300px\" \/><\/figure>\n<\/div>\n<\/div>\n\n\n\n<p id=\"vier\">Das neue Programm der Kabarettistin <strong>Helga Becker<\/strong> verspricht beste Unterhaltung, musikalische Highlights und schw\u00e4bisch-philosophische Gedankenspr\u00fcnge. <\/p>\n\n\n\n<p>Ihre jahrzehntelange kriminologische Erfahrung &#8211; hart erarbeitet mit dem Thriller in der Hand oder in langen Krimin\u00e4chten vor dem Fernseher &#8211; \u00fcbertr\u00e4gt die Schlabbergosch Frau N\u00e4gele m\u00fchelos auf ihren schw\u00e4bischen Alltag. Ihr Leben ist eine gro\u00dfe Fahndungsaktion. Sie horcht an verschlossenen T\u00fcren, verwickelt Menschen ins Gespr\u00e4ch, z\u00e4hlt eins und eins zusammen und kombiniert messerscharf. Als schw\u00e4bische Miss Marple l\u00e4uft sie zu Hochtouren auf. Bei ihrer Familie, im Freundeskreis oder in der Nachbarschaft. Niemand ist vor ihren Ermittlungstaktiken sicher. Und schlie\u00dflich vermittelt sie ihr Wissen \u00fcber Tatwaffen, Crime Scene Cleaner oder Forensik im eigenen Blog. Gew\u00fcrzt mit einer ordentlichen Prise an schwarzem Humor. <\/p>\n\n\n\n<p>Und weil Frau N\u00e4gele nicht nur eine gro\u00dfe Leidenschaft f\u00fcr das Verbrechen, sondern auch f\u00fcr Krimimelodien hat, w\u00fcrzt sie das zweist\u00fcndige Soloprogramm mit Titeln wie Der Kommissar von Falco, mit Berthold Brechts Mackie Messer, Bill Ramseys Ohne Krimi geht die Mimi nie ins Bett oder dem legend\u00e4ren Kriminaltango des Hazy Osterwald Sextetts. Und wie k\u00f6nnte es bei Frau N\u00e4gele anders sein &#8211; mit schw\u00e4bischen Texten. Dass auch der Schlager Deine Spuren im Sand von Howard Carpendale ein Paradebeispiel f\u00fcr forensische Ermittlungsarbeit ist, d\u00fcrfte das Publikum allerdings \u00fcberraschen.<\/p>\n\n\n\n<p>Die Lachmuskeln der G\u00e4ste werden ebenso getestet, wie ihre schw\u00e4bischen Sprachkenntnisse, ihre Musikalit\u00e4t und ihre Kombinationsgabe. <br>Nur \u201erommlommla\u201c und konsumieren gibt es bei Frau N\u00e4gele nicht. Bei ihr wird g\u2019schafft! Auf der B\u00fchne und im Publikum.<\/p>\n\n\n\n<p>Fahndung l\u00e4uft! Kriminell witzig. Kriminell musikalisch. Kriminell geschw\u00e4tzig. Kriminell schlagfertig. Kriminell gut!<\/p>\n\n\n\n<hr class=\"wp-block-separator has-alpha-channel-opacity is-style-wide\"\/>\n\n\n\n<div style=\"height:30px\" aria-hidden=\"true\" class=\"wp-block-spacer\"><\/div>\n\n\n\n<div class=\"wp-block-columns is-layout-flex wp-container-core-columns-is-layout-9d6595d7 wp-block-columns-is-layout-flex\" id=\"vier\">\n<div class=\"wp-block-column is-layout-flow wp-block-column-is-layout-flow\" style=\"flex-basis:33.33%\">\n<p><strong>26. September<br>Zauberzirkel Freiburg<br>Gala mit Dustin Grimm<\/strong><br><br><br>(ausserhalb des Abonnements)<br><\/p>\n<\/div>\n\n\n\n<div class=\"wp-block-column is-layout-flow wp-block-column-is-layout-flow\" style=\"flex-basis:66.66%\">\n<figure class=\"wp-block-image size-full is-resized\"><img loading=\"lazy\" decoding=\"async\" width=\"300\" height=\"350\" src=\"https:\/\/kkw-ettenheim.de\/wp-content\/uploads\/2026\/01\/2026_09_26.jpg\" alt=\"\" class=\"wp-image-91\" style=\"width:534px;height:auto\" srcset=\"https:\/\/kkw-ettenheim.de\/wp-content\/uploads\/2026\/01\/2026_09_26.jpg 300w, https:\/\/kkw-ettenheim.de\/wp-content\/uploads\/2026\/01\/2026_09_26-257x300.jpg 257w\" sizes=\"auto, (max-width: 300px) 100vw, 300px\" \/><\/figure>\n<\/div>\n<\/div>\n\n\n\n<p id=\"fuenf\">Mit \u00fcber zehn Jahren als Zauberer mit Auftritten in 7 verschiedenen L\u00e4ndern begeistert Dustin Grimm Zuschauer aus aller Welt. In seinem neuem Solo-Programm d\u00fcrfen sich G\u00e4ste auf eine interaktive Show freuen, die nicht nur begeistert, sondern auch zum Nachdenken anregt! <br>Was Dustins Shows immer bieten, ist eine Kombination aus Spannung, einzigartiger, origineller Zauberei und ein bisschen Mystery. Diese Show ist keine Ausnahme, und ein Muss f\u00fcr jeden Fan von Zauberei!<\/p>\n\n\n\n<hr class=\"wp-block-separator has-alpha-channel-opacity is-style-wide\"\/>\n\n\n\n<div class=\"wp-block-columns is-layout-flex wp-container-core-columns-is-layout-9d6595d7 wp-block-columns-is-layout-flex\">\n<div class=\"wp-block-column is-layout-flow wp-block-column-is-layout-flow\" style=\"flex-basis:33.33%\">\n<p><strong>24. Oktober<br>Ansgar Hufnagel<br>&#8222;Irgendwas ist immer&#8220;<\/strong><\/p>\n<\/div>\n\n\n\n<div class=\"wp-block-column is-layout-flow wp-block-column-is-layout-flow\" style=\"flex-basis:66.66%\">\n<figure class=\"wp-block-image size-full is-resized\"><img loading=\"lazy\" decoding=\"async\" width=\"306\" height=\"291\" src=\"https:\/\/kkw-ettenheim.de\/wp-content\/uploads\/2026\/01\/2026_10_24.jpg\" alt=\"\" class=\"wp-image-92\" style=\"width:528px;height:auto\" srcset=\"https:\/\/kkw-ettenheim.de\/wp-content\/uploads\/2026\/01\/2026_10_24.jpg 306w, https:\/\/kkw-ettenheim.de\/wp-content\/uploads\/2026\/01\/2026_10_24-300x285.jpg 300w\" sizes=\"auto, (max-width: 306px) 100vw, 306px\" \/><\/figure>\n<\/div>\n<\/div>\n\n\n\n<p id=\"sechs\">Die erste B\u00fchne seines Lebens betritt er 1987 &nbsp;in Schw\u00e4bisch Hall, als er zur &nbsp;Welt kommt und mit &nbsp;seinem &nbsp;Namen ist &nbsp;dann auch direkt &nbsp;klar, &nbsp;welcher &nbsp;Weg vor &nbsp;ihm liegt. &nbsp;Ansgar &nbsp;bedeutet n\u00e4mlich &nbsp;\u201eDer Speer &nbsp;Gottes\u201c. &nbsp;Wenn Ansgar &nbsp;Hufnagel &nbsp;sich daran erinnert, rutscht ihm &nbsp;jedes Mal das Herz in die Hose und er f\u00fchlt sich noch etwas kleiner, als er ohnehin schon ist (1,72 cm). Gleichzeitig bahnt er sich &nbsp;gleich seinem&nbsp;&nbsp; namensgebenden &nbsp;Speer &nbsp;schon &nbsp;immer&nbsp;&nbsp; seine&nbsp;&nbsp; Bahnen&nbsp;&nbsp; in unterschiedlichsten kreativen Veranstaltungskontexten und wenn er die B\u00fchnenbretter &nbsp;unter seinen &nbsp;F\u00fc\u00dfen &nbsp;sp\u00fcrt, &nbsp;wei\u00df &nbsp;er, dass er genau zur &nbsp;richtigen Zeit am &nbsp;richtigen Ort ist. Zuhause. Die Show &nbsp;kann beginnen.<\/p>\n\n\n\n<p>Ob als &nbsp;Moderator, ungef\u00e4hrlichster Rapper der Welt, mit Kabarettprogramm, als Stand Up Comedian &nbsp;oder als &nbsp;Workshop-Leiter, &nbsp;Ansgar &nbsp;Hufnagel &nbsp;liebt &nbsp;die &nbsp;Kunst, die B\u00fchne und alles drumherum!<\/p>\n\n\n\n<p>Ansgar &nbsp;Hufnagel &nbsp;hat sich &nbsp;der Kunst &nbsp;verschrieben &nbsp;und m\u00f6chte inspirieren, &nbsp;zum Nachdenken anregen, &nbsp;ein &nbsp;Schmunzeln &nbsp;ins &nbsp;Gesicht &nbsp;zaubern und hin &nbsp;und wieder auch einfach mal &nbsp;die Sau &nbsp;rauslassen. Ja, er ist eine Rampensau mit Speer im Handgep\u00e4ck und er steht dazu!<\/p>\n\n\n\n<hr class=\"wp-block-separator has-alpha-channel-opacity is-style-wide\"\/>\n\n\n\n<div style=\"height:30px\" aria-hidden=\"true\" class=\"wp-block-spacer\"><\/div>\n\n\n\n<div class=\"wp-block-columns is-layout-flex wp-container-core-columns-is-layout-9d6595d7 wp-block-columns-is-layout-flex\">\n<div class=\"wp-block-column is-layout-flow wp-block-column-is-layout-flow\" style=\"flex-basis:33.33%\">\n<p><strong>14. November<br>Susi und die Strolche<br>&#8222;Konzert&#8220;<\/strong><\/p>\n<\/div>\n\n\n\n<div class=\"wp-block-column is-layout-flow wp-block-column-is-layout-flow\" style=\"flex-basis:66.66%\">\n<figure class=\"wp-block-image size-full is-resized\"><img loading=\"lazy\" decoding=\"async\" width=\"300\" height=\"210\" src=\"https:\/\/kkw-ettenheim.de\/wp-content\/uploads\/2026\/01\/2026_11_14.jpg\" alt=\"\" class=\"wp-image-93\" style=\"width:537px;height:auto\"\/><\/figure>\n<\/div>\n<\/div>\n\n\n\n<p id=\"sieben\">HABEN SIE SCHON MAL IM DUNKELN GEK\u00dcSST?<\/p>\n\n\n\n<p>Nein? Sind Sie schon zum Mond geflogen? Zum Nordpol gefahren? Haben Sie schon mal die rosarote Brille aufgesetzt? Liedern ohne Text gelauscht? An einer Gei\u00dfblattrose geschnuppert? Oder am wei\u00dfen Flieder?<br>Willkommen in der musikalischen Welt von <strong>SUSI &amp; DIE STROLCHE<\/strong>: Von Django Reinhardt \u00fcber Edith Piaf bis zu Zaz, von Evelyn K\u00fcnneke bis hin zu Namika im Swinggewand\u2026<\/p>\n\n\n\n<hr class=\"wp-block-separator has-alpha-channel-opacity is-style-wide\"\/>\n\n\n\n<div style=\"height:30px\" aria-hidden=\"true\" class=\"wp-block-spacer\"><\/div>\n\n\n\n<div class=\"wp-block-columns is-layout-flex wp-container-core-columns-is-layout-9d6595d7 wp-block-columns-is-layout-flex\">\n<div class=\"wp-block-column is-layout-flow wp-block-column-is-layout-flow\" style=\"flex-basis:33.33%\">\n<p><strong>Freitag 11. Dezember<br>Jens Heinrich Claassen<br>&#8222;Keine Ursache&#8220;<\/strong><\/p>\n<\/div>\n\n\n\n<div class=\"wp-block-column is-layout-flow wp-block-column-is-layout-flow\" style=\"flex-basis:66.66%\">\n<figure class=\"wp-block-image size-full is-resized\"><img loading=\"lazy\" decoding=\"async\" width=\"300\" height=\"379\" src=\"https:\/\/kkw-ettenheim.de\/wp-content\/uploads\/2026\/01\/2026_12_11.jpg\" alt=\"\" class=\"wp-image-94\" style=\"width:532px;height:auto\" srcset=\"https:\/\/kkw-ettenheim.de\/wp-content\/uploads\/2026\/01\/2026_12_11.jpg 300w, https:\/\/kkw-ettenheim.de\/wp-content\/uploads\/2026\/01\/2026_12_11-237x300.jpg 237w\" sizes=\"auto, (max-width: 300px) 100vw, 300px\" \/><\/figure>\n<\/div>\n<\/div>\n\n\n\n<div style=\"height:30px\" aria-hidden=\"true\" class=\"wp-block-spacer\"><\/div>\n\n\n\n<p id=\"acht\">Es gibt Menschen, die sind einfach zu nett f\u00fcr diese Welt. Jens Heinrich Claassen ist so einer. Er bedankt sich st\u00e4ndig, entschuldigt sich, wenn er zu viel Entschuldigung gesagt hat, und tr\u00e4gt mit einem L\u00e4cheln die B\u00fcrde des Reichtums. Ja, richtig gelesen: Claassen ist reich \u2013 und zwar so richtig. Aber Reichtum allein macht bekanntlich nicht gl\u00fccklich, zumindest nicht, wenn man ihn wie Jens Heinrich mit trockener Selbstironie und einer Vorliebe f\u00fcr ehrliche, kleine Momente des Lebens betrachtet. In \u201eKeine Ursache\u201c erz\u00e4hlt Jens Heinrich Claassen von den wirklich wichtigen Dingen: dem \u00dcberleben in einer Gesellschaft, in der H\u00f6flichkeit ein Relikt aus vergangenen Tagen zu sein scheint. Und nat\u00fcrlich vom Leben als Single. Hier wird\u2019s pers\u00f6nlich: Jens Heinrich w\u00fcrde n\u00e4mlich lieber heute als morgen seine Traumfrau finden, doch der Weg dahin ist mit T\u00fccken gepflastert. Tinder-Swipes, charmant-uncharmante erste Dates und die ein oder andere melancholische Klaviermelodie begleiten ihn dabei. <br><br>Zwischen seinen Geschichten setzt er sich ans Klavier, als w\u00e4re es das Nat\u00fcrlichste der Welt, aus den absurden Alltagssituationen<br>spontan ein Lied zu zaubern. Es ist diese Mischung aus Leichtigkeit und tiefsinnigem Humor, die \u201eKeine Ursache\u201c zu einem Abend macht, bei dem man sich herzlich am\u00fcsiert und gleichzeitig wundert, warum man \u00fcber diese Themen nicht selbst schon l\u00e4ngst gelacht hat. Wer einen Abend voller unerwarteter Pointen, eing\u00e4ngiger Melodien und einem sympathischen Komiker in Bestform erleben will, sollte sich diese Show auf keinen Fall entgehen lassen. \u201eKeine Ursache\u201c \u2013 das Leben k\u00f6nnte so einfach sein. Also: keine Ursache &#8211; aber eine klare Empfehlung!<\/p>\n\n\n\n<hr class=\"wp-block-separator has-alpha-channel-opacity is-style-wide\"\/>\n\n\n\n<p><\/p>\n","protected":false},"excerpt":{"rendered":"<p>28. Februar Eddi H\u00fcneke &#8222;Atempause&#8220; &#8211; Musik die begeistert, befl\u00fcgelt und ber\u00fchrtDein Akku ist leer? Zuviel Stress, zuviel L\u00e4rm? Zeit f\u00fcr eine echte Atempause Zwischen Nachrichtenflut, Termindruck und Dauer-Optimierung bleibt &#8230;<\/p>\n","protected":false},"author":2,"featured_media":0,"parent":0,"menu_order":0,"comment_status":"closed","ping_status":"closed","template":"","meta":{"footnotes":""},"class_list":["post-54","page","type-page","status-publish","hentry"],"_links":{"self":[{"href":"https:\/\/kkw-ettenheim.de\/index.php?rest_route=\/wp\/v2\/pages\/54","targetHints":{"allow":["GET"]}}],"collection":[{"href":"https:\/\/kkw-ettenheim.de\/index.php?rest_route=\/wp\/v2\/pages"}],"about":[{"href":"https:\/\/kkw-ettenheim.de\/index.php?rest_route=\/wp\/v2\/types\/page"}],"author":[{"embeddable":true,"href":"https:\/\/kkw-ettenheim.de\/index.php?rest_route=\/wp\/v2\/users\/2"}],"replies":[{"embeddable":true,"href":"https:\/\/kkw-ettenheim.de\/index.php?rest_route=%2Fwp%2Fv2%2Fcomments&post=54"}],"version-history":[{"count":21,"href":"https:\/\/kkw-ettenheim.de\/index.php?rest_route=\/wp\/v2\/pages\/54\/revisions"}],"predecessor-version":[{"id":114,"href":"https:\/\/kkw-ettenheim.de\/index.php?rest_route=\/wp\/v2\/pages\/54\/revisions\/114"}],"wp:attachment":[{"href":"https:\/\/kkw-ettenheim.de\/index.php?rest_route=%2Fwp%2Fv2%2Fmedia&parent=54"}],"curies":[{"name":"wp","href":"https:\/\/api.w.org\/{rel}","templated":true}]}}