{"id":2,"date":"2026-01-05T09:58:07","date_gmt":"2026-01-05T09:58:07","guid":{"rendered":"https:\/\/kkw-ettenheim.de\/?page_id=2"},"modified":"2026-02-09T13:45:36","modified_gmt":"2026-02-09T13:45:36","slug":"veranstaltungen","status":"publish","type":"page","link":"https:\/\/kkw-ettenheim.de\/","title":{"rendered":"home"},"content":{"rendered":"\n<p><strong>Willkommen beim Kulturkeller der Winterschule Ettenheim<\/strong><\/p>\n\n\n\n<p>Hier k\u00f6nnen Sie sich \u00fcber das aktuelle Programm des Kulturkellers informieren.<br>Von Kabarett bis Musik, Comedy bis Zauberei bieten wir Ihnen auch dieses Jahr alles was das Kleinkunstherz begehrt.<\/p>\n\n\n\n<p id=\"program\"><strong>Informationen<br><br>Beginn <\/strong>20.00 Uhr (auf Ausnahmen wird im Einzelfall hingewiesen)<br><br><strong>Preise<br>16\u20ac<\/strong> im Vorverkauf <strong>17\u20ac<\/strong> an der Abendkasse<strong><br>8\u20ac<\/strong> f\u00fcr Sch\u00fcler \/ Studenten mit Ausweis <strong>nur an der Abendkasse<br>Abo<\/strong> f\u00fcr die Veranstaltungen im Abonnement 2026 <strong>80\u20ac<\/strong><br><strong>Vorverkauf<\/strong> der Karten und des Abonnements bei der Buchhandlung Machleid Ettenheim<br><strong>Reservierung<\/strong> mit einer EMail an info(\u00e4t)kkw-ettenheim.de<br><strong>Abholung<\/strong> und Bezahlung der hinterlegten Karten dann an der Abendkasse<br><br>Bitte haben Sie Verst\u00e4ndnis, da\u00df wir reservierte Karten nur bis 10 Minuten vor Veranstaltungsbeginn reservieren k\u00f6nnen.<br><br><strong>Kassen\u00f6ffnung<\/strong> 19 Uhr<br><br><strong>Keine Sitzplatzreservierung m\u00f6glich!<\/strong><\/p>\n\n\n\n<p><\/p>\n","protected":false},"excerpt":{"rendered":"<p>Willkommen beim Kulturkeller der Winterschule Ettenheim Hier k\u00f6nnen Sie sich \u00fcber das aktuelle Programm des Kulturkellers informieren.Von Kabarett bis Musik, Comedy bis Zauberei bieten wir Ihnen auch dieses Jahr alles &#8230;<\/p>\n","protected":false},"author":2,"featured_media":0,"parent":0,"menu_order":0,"comment_status":"closed","ping_status":"closed","template":"","meta":{"footnotes":""},"class_list":["post-2","page","type-page","status-publish","hentry"],"_links":{"self":[{"href":"https:\/\/kkw-ettenheim.de\/index.php?rest_route=\/wp\/v2\/pages\/2","targetHints":{"allow":["GET"]}}],"collection":[{"href":"https:\/\/kkw-ettenheim.de\/index.php?rest_route=\/wp\/v2\/pages"}],"about":[{"href":"https:\/\/kkw-ettenheim.de\/index.php?rest_route=\/wp\/v2\/types\/page"}],"author":[{"embeddable":true,"href":"https:\/\/kkw-ettenheim.de\/index.php?rest_route=\/wp\/v2\/users\/2"}],"replies":[{"embeddable":true,"href":"https:\/\/kkw-ettenheim.de\/index.php?rest_route=%2Fwp%2Fv2%2Fcomments&post=2"}],"version-history":[{"count":7,"href":"https:\/\/kkw-ettenheim.de\/index.php?rest_route=\/wp\/v2\/pages\/2\/revisions"}],"predecessor-version":[{"id":63,"href":"https:\/\/kkw-ettenheim.de\/index.php?rest_route=\/wp\/v2\/pages\/2\/revisions\/63"}],"wp:attachment":[{"href":"https:\/\/kkw-ettenheim.de\/index.php?rest_route=%2Fwp%2Fv2%2Fmedia&parent=2"}],"curies":[{"name":"wp","href":"https:\/\/api.w.org\/{rel}","templated":true}]}}